{"id":286,"date":"2021-10-13T23:11:36","date_gmt":"2021-10-13T21:11:36","guid":{"rendered":"https:\/\/business-construct.de\/?page_id=286"},"modified":"2021-11-13T21:42:53","modified_gmt":"2021-11-13T20:42:53","slug":"optimierung-von-unternehmen","status":"publish","type":"page","link":"https:\/\/business-construct.de\/index.php\/optimierung-von-unternehmen\/","title":{"rendered":"Optimierung von Unternehmen"},"content":{"rendered":"\n<div class=\"wp-block-cover alignleft has-background-dim\" style=\"min-height:502px;aspect-ratio:unset;\"><img loading=\"lazy\" decoding=\"async\" width=\"1024\" height=\"694\" class=\"wp-block-cover__image-background wp-image-508\" alt=\"\" src=\"https:\/\/business-construct.de\/wp-content\/uploads\/2021\/11\/2a7e2590fe8a52a71e0bc9d889e56fe0.jpg\" data-object-fit=\"cover\" srcset=\"https:\/\/business-construct.de\/wp-content\/uploads\/2021\/11\/2a7e2590fe8a52a71e0bc9d889e56fe0.jpg 1024w, https:\/\/business-construct.de\/wp-content\/uploads\/2021\/11\/2a7e2590fe8a52a71e0bc9d889e56fe0-300x203.jpg 300w, https:\/\/business-construct.de\/wp-content\/uploads\/2021\/11\/2a7e2590fe8a52a71e0bc9d889e56fe0-768x521.jpg 768w\" sizes=\"auto, (max-width: 1024px) 100vw, 1024px\" \/><div class=\"wp-block-cover__inner-container is-layout-flow wp-block-cover-is-layout-flow\">\n<p class=\"has-large-font-size\"><\/p>\n\n\n\n<p><\/p>\n<\/div><\/div>\n\n\n\n<p>In der Praxis ist es oft so, dass neue Unternehmen schnell wachen, durch unzureichende finanzielle Mittel nur sparsam, beraten werden und eine ganze Reihe an fehlerhaften Entscheidungen treffen die das Unternehmen sp\u00e4testens nach 2,5 Jahren in Schwierigkeiten bringen.<\/p>\n\n\n\n<p>In diesem Moment kommen wir ins Spiel.<\/p>\n\n\n\n<p>Mit Ihnen zusammen optimieren wir Betriebsabl\u00e4ufe die historisch gewachsen sind.<\/p>\n\n\n\n<p>Oft sind solche nicht unbedingt geplanten, sondern eher aus der Historie entstandenen Abl\u00e4ufe nicht optimiert und k\u00f6nnen einem Unternehmen schaden.<\/p>\n\n\n\n<p>Mit einer Deckungsbeitragsrechnung k\u00f6nnen wir mit Ihnen zusammen alle Ausgaben und deren Nutzen gegen\u00fcber stellen und genau sagen wo ggf. Nachbesserungsbedarf besteht.<\/p>\n\n\n\n<p>Die Optimierung eines Unternehmens d\u00e4ngt beim Bleistift an und geht \u00fcber das ganze Inventar, Personal und alles was f\u00fcr ein optimales Arbeiten hinderlich sein kann.<\/p>\n\n\n\n<p>Optimieren hei\u00dft nicht immer radikal ver\u00e4ndern.<\/p>\n\n\n\n<p>Optimierung von Abl\u00e4ufen, von Ausgaben und Eins\u00e4tzen muss richtig und mit Bedacht gemacht werden.<\/p>\n\n\n\n<p>Falsche Entscheidungen in der Unternehmensoptimierung k\u00f6nnen mehr Schaden als nutzen anrichten.<\/p>\n\n\n\n<p>Aus diesem Grund sollten Sie nicht irgend jemanden an Ihr Unternehmen lassen.&nbsp;<\/p>\n\n\n\n<p>Eine wirklich erfolgreiche Unternehmensoptimierung kann nur von einem Team mit umfangreichen Kenntnissen, einer gro\u00dfen Arbeitserfahrung und dem n\u00f6tigen Fachwissen ausgehen.<\/p>\n\n\n\n<p>Ein solches Team finden Sie so nur bei uns.<\/p>\n\n\n\n<figure class=\"wp-block-image size-large\"><a href=\"https:\/\/business-construct.de\/index.php\/online-beratungstermin-buchen\/\"><img loading=\"lazy\" decoding=\"async\" width=\"1024\" height=\"368\" src=\"https:\/\/business-construct.de\/wp-content\/uploads\/2021\/10\/onlineberatung-1-1024x368.png\" alt=\"\" class=\"wp-image-457\" srcset=\"https:\/\/business-construct.de\/wp-content\/uploads\/2021\/10\/onlineberatung-1-1024x368.png 1024w, https:\/\/business-construct.de\/wp-content\/uploads\/2021\/10\/onlineberatung-1-300x108.png 300w, https:\/\/business-construct.de\/wp-content\/uploads\/2021\/10\/onlineberatung-1-768x276.png 768w, https:\/\/business-construct.de\/wp-content\/uploads\/2021\/10\/onlineberatung-1-1536x552.png 1536w, https:\/\/business-construct.de\/wp-content\/uploads\/2021\/10\/onlineberatung-1-2048x735.png 2048w, https:\/\/business-construct.de\/wp-content\/uploads\/2021\/10\/onlineberatung-1-1920x690.png 1920w\" sizes=\"auto, (max-width: 1024px) 100vw, 1024px\" \/><\/a><\/figure>\n\n\n\n<p><\/p>\n","protected":false},"excerpt":{"rendered":"<p>In der Praxis ist es oft so, dass neue Unternehmen schnell wachen, durch unzureichende finanzielle Mittel nur sparsam, beraten werden und eine ganze Reihe an fehlerhaften Entscheidungen treffen die das Unternehmen sp\u00e4testens nach 2,5 Jahren in Schwierigkeiten bringen. In diesem Moment kommen wir ins Spiel. Mit Ihnen zusammen optimieren wir Betriebsabl\u00e4ufe die historisch gewachsen sind.&hellip; <br \/> <a class=\"read-more\" href=\"https:\/\/business-construct.de\/index.php\/optimierung-von-unternehmen\/\">Weiterlesen<\/a><\/p>\n","protected":false},"author":1,"featured_media":0,"parent":0,"menu_order":0,"comment_status":"closed","ping_status":"closed","template":"page-templates\/page-with-right-sidebar.php","meta":{"_monsterinsights_skip_tracking":false,"_monsterinsights_sitenote_active":false,"_monsterinsights_sitenote_note":"","_monsterinsights_sitenote_category":0,"footnotes":""},"class_list":["post-286","page","type-page","status-publish","hentry"],"_links":{"self":[{"href":"https:\/\/business-construct.de\/index.php\/wp-json\/wp\/v2\/pages\/286","targetHints":{"allow":["GET"]}}],"collection":[{"href":"https:\/\/business-construct.de\/index.php\/wp-json\/wp\/v2\/pages"}],"about":[{"href":"https:\/\/business-construct.de\/index.php\/wp-json\/wp\/v2\/types\/page"}],"author":[{"embeddable":true,"href":"https:\/\/business-construct.de\/index.php\/wp-json\/wp\/v2\/users\/1"}],"replies":[{"embeddable":true,"href":"https:\/\/business-construct.de\/index.php\/wp-json\/wp\/v2\/comments?post=286"}],"version-history":[{"count":7,"href":"https:\/\/business-construct.de\/index.php\/wp-json\/wp\/v2\/pages\/286\/revisions"}],"predecessor-version":[{"id":514,"href":"https:\/\/business-construct.de\/index.php\/wp-json\/wp\/v2\/pages\/286\/revisions\/514"}],"wp:attachment":[{"href":"https:\/\/business-construct.de\/index.php\/wp-json\/wp\/v2\/media?parent=286"}],"curies":[{"name":"wp","href":"https:\/\/api.w.org\/{rel}","templated":true}]}}