{"id":284,"date":"2021-10-13T23:10:58","date_gmt":"2021-10-13T21:10:58","guid":{"rendered":"https:\/\/business-construct.de\/?page_id=284"},"modified":"2022-03-02T09:47:19","modified_gmt":"2022-03-02T08:47:19","slug":"neugruendungen","status":"publish","type":"page","link":"https:\/\/business-construct.de\/index.php\/neugruendungen\/","title":{"rendered":"Neugr\u00fcndung"},"content":{"rendered":"\n<div class=\"wp-block-cover alignleft is-light\" style=\"min-height:454px;aspect-ratio:unset;\"><span aria-hidden=\"true\" class=\"wp-block-cover__gradient-background has-background-dim\"><\/span><img loading=\"lazy\" decoding=\"async\" width=\"1024\" height=\"683\" class=\"wp-block-cover__image-background wp-image-320\" alt=\"\" src=\"https:\/\/business-construct.de\/wp-content\/uploads\/2021\/10\/startup-1024x683.jpg\" data-object-fit=\"cover\" srcset=\"https:\/\/business-construct.de\/wp-content\/uploads\/2021\/10\/startup-1024x683.jpg 1024w, https:\/\/business-construct.de\/wp-content\/uploads\/2021\/10\/startup-300x200.jpg 300w, https:\/\/business-construct.de\/wp-content\/uploads\/2021\/10\/startup-768x512.jpg 768w, https:\/\/business-construct.de\/wp-content\/uploads\/2021\/10\/startup-1536x1024.jpg 1536w, https:\/\/business-construct.de\/wp-content\/uploads\/2021\/10\/startup-2048x1366.jpg 2048w, https:\/\/business-construct.de\/wp-content\/uploads\/2021\/10\/startup-1619x1080.jpg 1619w\" sizes=\"auto, (max-width: 1024px) 100vw, 1024px\" \/><div class=\"wp-block-cover__inner-container is-layout-flow wp-block-cover-is-layout-flow\">\n<p class=\"has-large-font-size\"><\/p>\n<\/div><\/div>\n\n\n\n<p class=\"has-normal-font-size\">Neugr\u00fcnder stehen oft vor vielen neune Entscheidungen, verschiedenen Fragen und neuen Wegen. Neben der Gewerbeanmeldung m\u00fcssen oftmals viele weitere Antr\u00e4ge gestellt und Genehmigungen eingeholt werden.<\/p>\n\n\n\n<p class=\"has-normal-font-size\">Dabei kommen viele Neugr\u00fcnder schon bei dem Er\u00f6ffnungsfragebogen vom Finanzamt ins schleudern. Genehmigungen f\u00fcr G\u00fcterverkehr, Anmeldung bei der Berufsgenossenschaft, der IHK und je nach Branche noch vielen anderen Institutionen d\u00fcrfen nicht zweitrangig betrachtet werden.<\/p>\n\n\n\n<p class=\"has-normal-font-size\">Mit falschen oder fehlenden Anmeldungen k\u00f6nnen viele weitreichende Schwierigkeiten entstehen.<\/p>\n\n\n\n<p class=\"has-normal-font-size\">Bei allen zu erledigenden Aufgaben in einer Neugr\u00fcnder stellen sich die jungen Unternehmer oft die Frage womit anzufangen ist.<\/p>\n\n\n\n<p class=\"has-normal-font-size\">Aus diesem Grund ist es wichtig einen erfahrenen Partner an seiner Seite zu haben.<\/p>\n\n\n\n<p class=\"has-normal-font-size\">Jemanden der genau sagen kann, welcher Schritt als erster gemacht werden sollte und wie dieser richtig zu gestalten ist.<\/p>\n\n\n\n<p class=\"has-normal-font-size\">Unterst\u00fctzung bei den Antr\u00e4gen und Amtsg\u00e4ngen sowie bei den Banken k\u00f6nnen besonders am Anfang entscheidend f\u00fcr den ganzen weiteren Verlauf des Unternehmens sein.<\/p>\n\n\n\n<p class=\"has-normal-font-size\">Neben den erforderlicher Formalien ist es wichtig in der Gr\u00fcndungsphase einen fachgerechten und sicheren Auftritt dem Kunden gegen\u00fcber zu zeigen.<\/p>\n\n\n\n<p class=\"has-normal-font-size\">Ein ansprechendes Logo, eine fachm\u00e4nnisch erstellte Webseite und eine ordentliche Rechnungsvorlage sind dabei oft wichtige Dinge die vernachl\u00e4ssigt werden.<\/p>\n\n\n\n<p class=\"has-normal-font-size\">Je nach Branche muss die Arbeitskleidung stimmen, diese sollte gleich mit Ihrem Logo veredelt sein, und die Werbung am Fahrzeug sollte f\u00fcr einen positiven Wiedererkennungswert sorgen.<\/p>\n\n\n\n<p class=\"has-normal-font-size\">Ihre Visitenkarte, die immer dabei sein sollte, darf keinen falschen Eindruck von Ihnen und Ihrem Unternehmen vermitteln.<\/p>\n\n\n\n<p class=\"has-normal-font-size\">Fachlich, sachlich und \u00fcberzeugend sollte Ihr Auftritt nach au\u00dfen sein.<\/p>\n\n\n\n<p class=\"has-normal-font-size\">Wie sie diese Kriterien schnell und einfach umsetzen, zeigen wir Ihnen gerne.<\/p>\n\n\n\n<figure class=\"wp-block-image size-large\"><a href=\"https:\/\/business-construct.de\/index.php\/online-beratungstermin-buchen\/\" target=\"_blank\" rel=\"noopener\"><img loading=\"lazy\" decoding=\"async\" width=\"1024\" height=\"368\" src=\"https:\/\/business-construct.de\/wp-content\/uploads\/2021\/10\/onlineberatung-1-1024x368.png\" alt=\"\" class=\"wp-image-457\" srcset=\"https:\/\/business-construct.de\/wp-content\/uploads\/2021\/10\/onlineberatung-1-1024x368.png 1024w, https:\/\/business-construct.de\/wp-content\/uploads\/2021\/10\/onlineberatung-1-300x108.png 300w, https:\/\/business-construct.de\/wp-content\/uploads\/2021\/10\/onlineberatung-1-768x276.png 768w, https:\/\/business-construct.de\/wp-content\/uploads\/2021\/10\/onlineberatung-1-1536x552.png 1536w, https:\/\/business-construct.de\/wp-content\/uploads\/2021\/10\/onlineberatung-1-2048x735.png 2048w, https:\/\/business-construct.de\/wp-content\/uploads\/2021\/10\/onlineberatung-1-1920x690.png 1920w\" sizes=\"auto, (max-width: 1024px) 100vw, 1024px\" \/><\/a><\/figure>\n","protected":false},"excerpt":{"rendered":"<p>Neugr\u00fcnder stehen oft vor vielen neune Entscheidungen, verschiedenen Fragen und neuen Wegen. Neben der Gewerbeanmeldung m\u00fcssen oftmals viele weitere Antr\u00e4ge gestellt und Genehmigungen eingeholt werden. Dabei kommen viele Neugr\u00fcnder schon bei dem Er\u00f6ffnungsfragebogen vom Finanzamt ins schleudern. Genehmigungen f\u00fcr G\u00fcterverkehr, Anmeldung bei der Berufsgenossenschaft, der IHK und je nach Branche noch vielen anderen Institutionen d\u00fcrfen&hellip; <br \/> <a class=\"read-more\" href=\"https:\/\/business-construct.de\/index.php\/neugruendungen\/\">Weiterlesen<\/a><\/p>\n","protected":false},"author":1,"featured_media":0,"parent":0,"menu_order":0,"comment_status":"closed","ping_status":"closed","template":"page-templates\/page-with-right-sidebar.php","meta":{"_monsterinsights_skip_tracking":false,"_monsterinsights_sitenote_active":false,"_monsterinsights_sitenote_note":"","_monsterinsights_sitenote_category":0,"footnotes":""},"class_list":["post-284","page","type-page","status-publish","hentry"],"_links":{"self":[{"href":"https:\/\/business-construct.de\/index.php\/wp-json\/wp\/v2\/pages\/284","targetHints":{"allow":["GET"]}}],"collection":[{"href":"https:\/\/business-construct.de\/index.php\/wp-json\/wp\/v2\/pages"}],"about":[{"href":"https:\/\/business-construct.de\/index.php\/wp-json\/wp\/v2\/types\/page"}],"author":[{"embeddable":true,"href":"https:\/\/business-construct.de\/index.php\/wp-json\/wp\/v2\/users\/1"}],"replies":[{"embeddable":true,"href":"https:\/\/business-construct.de\/index.php\/wp-json\/wp\/v2\/comments?post=284"}],"version-history":[{"count":21,"href":"https:\/\/business-construct.de\/index.php\/wp-json\/wp\/v2\/pages\/284\/revisions"}],"predecessor-version":[{"id":545,"href":"https:\/\/business-construct.de\/index.php\/wp-json\/wp\/v2\/pages\/284\/revisions\/545"}],"wp:attachment":[{"href":"https:\/\/business-construct.de\/index.php\/wp-json\/wp\/v2\/media?parent=284"}],"curies":[{"name":"wp","href":"https:\/\/api.w.org\/{rel}","templated":true}]}}