{"id":282,"date":"2021-10-13T23:10:24","date_gmt":"2021-10-13T21:10:24","guid":{"rendered":"https:\/\/business-construct.de\/?page_id=282"},"modified":"2021-11-13T22:04:12","modified_gmt":"2021-11-13T21:04:12","slug":"rechtsberatung","status":"publish","type":"page","link":"https:\/\/business-construct.de\/index.php\/rechtsberatung\/","title":{"rendered":"Rechtsberatung"},"content":{"rendered":"\n<div class=\"wp-block-cover alignleft has-background-dim\" style=\"min-height:524px;aspect-ratio:unset;\"><img loading=\"lazy\" decoding=\"async\" width=\"1024\" height=\"307\" class=\"wp-block-cover__image-background wp-image-328\" alt=\"\" src=\"https:\/\/business-construct.de\/wp-content\/uploads\/2021\/10\/paragraph-1024x307.jpg\" data-object-fit=\"cover\" srcset=\"https:\/\/business-construct.de\/wp-content\/uploads\/2021\/10\/paragraph-1024x307.jpg 1024w, https:\/\/business-construct.de\/wp-content\/uploads\/2021\/10\/paragraph-300x90.jpg 300w, https:\/\/business-construct.de\/wp-content\/uploads\/2021\/10\/paragraph-768x230.jpg 768w, https:\/\/business-construct.de\/wp-content\/uploads\/2021\/10\/paragraph-1536x461.jpg 1536w, https:\/\/business-construct.de\/wp-content\/uploads\/2021\/10\/paragraph-2048x614.jpg 2048w, https:\/\/business-construct.de\/wp-content\/uploads\/2021\/10\/paragraph-1920x576.jpg 1920w\" sizes=\"auto, (max-width: 1024px) 100vw, 1024px\" \/><div class=\"wp-block-cover__inner-container is-layout-flow wp-block-cover-is-layout-flow\">\n<p class=\"has-large-font-size\"><\/p>\n<\/div><\/div>\n\n\n\n<p>Eine fachliche und vor allem rechtzeitige Rechtsberatung kann vielen Unannehmlichkeiten vorbeugen.<\/p>\n\n\n\n<p>Rechtsfragen entstehen in einem Unternehmen sehr oft, diese k\u00f6nnen unterschiedlichen Charakter haben und m\u00fcssen meistens sehr schnell gekl\u00e4rt werden.<\/p>\n\n\n\n<p>Dabei entscheiden oft nur Details \u00fcber weitere Handlungen und die damit verbundenen Folgen.<\/p>\n\n\n\n<p>Jedes Unternehmen sollte im Vertragsrecht, Arbeitsrecht, Steuerrrecht und den Branchenspezifischen Rechtsformen beraten werden.<\/p>\n\n\n\n<p>Es ist unm\u00f6glich als Startup alle Gesetze zu kennen, Richtlinien zu ber\u00fccksichtigen und vollumf\u00e4nglich richtig zu handeln, sofern kein richtiges Beraterteam an Ihrer Seite ist.<\/p>\n\n\n\n<p>Business-Construct bietet Ihnen genau dieses Team, diese Leistungen, Beratungen und die damit verbundene Sicherheit f\u00fcr Sie und Ihr Unternehmen.<\/p>\n\n\n\n<p>In Kooperation mit Anw\u00e4lten, Notaren und Steuerberatern stellen wir ein kompetentes und fachlich versiertes Team zu Verf\u00fcgung. Profitieren Sie von mehreren Jahrzenten Erfahrung und Kompetenz.<\/p>\n\n\n\n<p>Jeder sollte das machen, was er am besten kann.<\/p>\n\n\n\n<p>Sie Ihr Gesch\u00e4ft und wir Ihre Beratung<\/p>\n\n\n\n<figure class=\"wp-block-image size-large\"><a href=\"https:\/\/business-construct.de\/index.php\/online-beratungstermin-buchen\/\"><img loading=\"lazy\" decoding=\"async\" width=\"1024\" height=\"368\" src=\"https:\/\/business-construct.de\/wp-content\/uploads\/2021\/10\/onlineberatung-1-1024x368.png\" alt=\"\" class=\"wp-image-457\" srcset=\"https:\/\/business-construct.de\/wp-content\/uploads\/2021\/10\/onlineberatung-1-1024x368.png 1024w, https:\/\/business-construct.de\/wp-content\/uploads\/2021\/10\/onlineberatung-1-300x108.png 300w, https:\/\/business-construct.de\/wp-content\/uploads\/2021\/10\/onlineberatung-1-768x276.png 768w, https:\/\/business-construct.de\/wp-content\/uploads\/2021\/10\/onlineberatung-1-1536x552.png 1536w, https:\/\/business-construct.de\/wp-content\/uploads\/2021\/10\/onlineberatung-1-2048x735.png 2048w, https:\/\/business-construct.de\/wp-content\/uploads\/2021\/10\/onlineberatung-1-1920x690.png 1920w\" sizes=\"auto, (max-width: 1024px) 100vw, 1024px\" \/><\/a><figcaption><a href=\"https:\/\/business-construct.de\/index.php\/online-beratungstermin-buchen\/\">https:\/\/business-construct.de\/index.php\/online-beratungstermin-buchen\/<\/a><\/figcaption><\/figure>\n","protected":false},"excerpt":{"rendered":"<p>Eine fachliche und vor allem rechtzeitige Rechtsberatung kann vielen Unannehmlichkeiten vorbeugen. Rechtsfragen entstehen in einem Unternehmen sehr oft, diese k\u00f6nnen unterschiedlichen Charakter haben und m\u00fcssen meistens sehr schnell gekl\u00e4rt werden. Dabei entscheiden oft nur Details \u00fcber weitere Handlungen und die damit verbundenen Folgen. Jedes Unternehmen sollte im Vertragsrecht, Arbeitsrecht, Steuerrrecht und den Branchenspezifischen Rechtsformen beraten&hellip; <br \/> <a class=\"read-more\" href=\"https:\/\/business-construct.de\/index.php\/rechtsberatung\/\">Weiterlesen<\/a><\/p>\n","protected":false},"author":1,"featured_media":0,"parent":0,"menu_order":0,"comment_status":"closed","ping_status":"closed","template":"page-templates\/page-with-right-sidebar.php","meta":{"_monsterinsights_skip_tracking":false,"_monsterinsights_sitenote_active":false,"_monsterinsights_sitenote_note":"","_monsterinsights_sitenote_category":0,"footnotes":""},"class_list":["post-282","page","type-page","status-publish","hentry"],"_links":{"self":[{"href":"https:\/\/business-construct.de\/index.php\/wp-json\/wp\/v2\/pages\/282","targetHints":{"allow":["GET"]}}],"collection":[{"href":"https:\/\/business-construct.de\/index.php\/wp-json\/wp\/v2\/pages"}],"about":[{"href":"https:\/\/business-construct.de\/index.php\/wp-json\/wp\/v2\/types\/page"}],"author":[{"embeddable":true,"href":"https:\/\/business-construct.de\/index.php\/wp-json\/wp\/v2\/users\/1"}],"replies":[{"embeddable":true,"href":"https:\/\/business-construct.de\/index.php\/wp-json\/wp\/v2\/comments?post=282"}],"version-history":[{"count":6,"href":"https:\/\/business-construct.de\/index.php\/wp-json\/wp\/v2\/pages\/282\/revisions"}],"predecessor-version":[{"id":525,"href":"https:\/\/business-construct.de\/index.php\/wp-json\/wp\/v2\/pages\/282\/revisions\/525"}],"wp:attachment":[{"href":"https:\/\/business-construct.de\/index.php\/wp-json\/wp\/v2\/media?parent=282"}],"curies":[{"name":"wp","href":"https:\/\/api.w.org\/{rel}","templated":true}]}}